{"id":20,"date":"2024-06-28T08:26:48","date_gmt":"2024-06-28T08:26:48","guid":{"rendered":"https:\/\/atelier-musique.ch\/?page_id=20"},"modified":"2024-07-03T18:38:06","modified_gmt":"2024-07-03T18:38:06","slug":"page-daccueil","status":"publish","type":"page","link":"https:\/\/atelier-musique.ch\/","title":{"rendered":"Page d&rsquo;accueil"},"content":{"rendered":"<p>[et_pb_section fb_built=\u00a0\u00bb1&Prime; admin_label=\u00a0\u00bbHeader\u00a0\u00bb _builder_version=\u00a0\u00bb4.25.2&Prime; background_color=\u00a0\u00bb#f6f0ee\u00a0\u00bb locked=\u00a0\u00bboff\u00a0\u00bb global_colors_info=\u00a0\u00bb{}\u00a0\u00bb][et_pb_row column_structure=\u00a0\u00bb1_2,1_2&Prime; make_equal=\u00a0\u00bbon\u00a0\u00bb _builder_version=\u00a0\u00bb4.25.2&Prime; min_height=\u00a0\u00bb543.4px\u00a0\u00bb custom_margin=\u00a0\u00bb|auto|-10vw|auto|false|false\u00a0\u00bb custom_padding=\u00a0\u00bb||0px|8px||\u00a0\u00bb global_colors_info=\u00a0\u00bb{}\u00a0\u00bb][et_pb_column type=\u00a0\u00bb1_2&Prime; _builder_version=\u00a0\u00bb4.16&Prime; z_index=\u00a0\u00bb10&Prime; custom_padding=\u00a0\u00bb64px||||false|false\u00a0\u00bb custom_padding_tablet=\u00a0\u00bb0px||||false|false\u00a0\u00bb custom_padding_phone=\u00a0\u00bb\u00a0\u00bb custom_padding_last_edited=\u00a0\u00bbon|tablet\u00a0\u00bb global_colors_info=\u00a0\u00bb{}\u00a0\u00bb][et_pb_text _builder_version=\u00a0\u00bb4.25.2&Prime; text_font=\u00a0\u00bb||||||||\u00a0\u00bb text_font_size=\u00a0\u00bb16px\u00a0\u00bb text_line_height=\u00a0\u00bb1.8em\u00a0\u00bb header_font=\u00a0\u00bbInria Serif|700|||||||\u00a0\u00bb header_text_color=\u00a0\u00bb#000000&Prime; header_font_size=\u00a0\u00bb70px\u00a0\u00bb header_line_height=\u00a0\u00bb1.2em\u00a0\u00bb z_index=\u00a0\u00bb1&Prime; max_width=\u00a0\u00bb800px\u00a0\u00bb custom_padding=\u00a0\u00bb||0px|||\u00a0\u00bb text_font_size_tablet=\u00a0\u00bb\u00a0\u00bb text_font_size_phone=\u00a0\u00bb14px\u00a0\u00bb text_font_size_last_edited=\u00a0\u00bbon|phone\u00a0\u00bb header_font_size_tablet=\u00a0\u00bb48px\u00a0\u00bb header_font_size_phone=\u00a0\u00bb24px\u00a0\u00bb header_font_size_last_edited=\u00a0\u00bbon|phone\u00a0\u00bb locked=\u00a0\u00bboff\u00a0\u00bb inline_fonts=\u00a0\u00bbRanga,Alike,Alegreya Sans,Kalam,ABeeZee,Margarine\u00a0\u00bb global_colors_info=\u00a0\u00bb{}\u00a0\u00bb]<\/p>\n<p style=\"text-align: center;\"><span style=\"color: #333333; font-size: xx-large; font-family: Kalam; font-weight: normal;\"><span style=\"color: #055400;\">\u00a0<span style=\"color: #58005e; font-family: Margarine;\">La musique a le pouvoir<\/span><\/span><\/span><\/p>\n<p style=\"text-align: center;\"><span style=\"color: #58005e; font-size: xx-large; font-family: Margarine; font-weight: normal;\"> de toucher l&rsquo;\u00e2me, de<\/span><\/p>\n<p style=\"text-align: center;\"><span style=\"color: #58005e; font-size: xx-large; font-family: Margarine; font-weight: normal;\"> stimuler la cr\u00e9ativit\u00e9 et<\/span><\/p>\n<p style=\"text-align: center;\"><span style=\"color: #58005e; font-size: xx-large; font-family: Margarine; font-weight: normal;\"> de renforcer les<\/span><\/p>\n<p style=\"text-align: center;\"><span style=\"color: #58005e; font-size: xx-large; font-family: Margarine; font-weight: normal;\"> connexions humaines.<\/span><\/p>\n<p style=\"text-align: left;\"><span style=\"color: #333333; font-size: xx-large;\"><span style=\"color: #055400;\"><\/span><\/span><\/p>\n<p style=\"text-align: left;\"><span style=\"color: #333333; font-size: xx-large;\"><\/span><\/p>\n<p style=\"text-align: left;\"><span style=\"color: #333333; font-size: xx-large;\"><\/span><\/p>\n<p style=\"text-align: left;\"><span style=\"color: #333333; font-size: xx-large;\"><\/span><\/p>\n<p style=\"text-align: left;\"><span style=\"color: #333333; font-size: xx-large;\"><\/span><\/p>\n<p style=\"text-align: left;\"><span style=\"color: #333333; font-size: xx-large;\"><\/span><\/p>\n<p style=\"text-align: left;\"><span style=\"color: #333333; font-size: xx-large;\"><\/span><\/p>\n<p style=\"text-align: left;\"><span style=\"color: #333333; font-size: xx-large;\"><\/span><\/p>\n<p style=\"text-align: left;\"><span style=\"color: #333333; font-size: xx-large;\"><\/span><\/p>\n<p style=\"text-align: left;\"><span style=\"color: #333333; font-size: xx-large;\"><\/span><\/p>\n<p>&nbsp;<\/p>\n<p><span style=\"font-size: x-large; color: #055400; font-family: Alike; font-weight: normal;\"><\/span><\/p>\n<p>[\/et_pb_text][\/et_pb_column][et_pb_column type=\u00a0\u00bb1_2&Prime; _builder_version=\u00a0\u00bb4.16&Prime; global_colors_info=\u00a0\u00bb{}\u00a0\u00bb][et_pb_image src=\u00a0\u00bbhttp:\/\/atelier-musique.ch\/wp-content\/uploads\/2024\/06\/IMG_20240609_114044-2-scaled.jpg\u00a0\u00bb title_text=\u00a0\u00bbIMG_20240609_114044 (2)\u00a0\u00bb _builder_version=\u00a0\u00bb4.25.2&Prime; width=\u00a0\u00bb72%\u00a0\u00bb border_radii=\u00a0\u00bboff||||\u00a0\u00bb global_colors_info=\u00a0\u00bb{}\u00a0\u00bb][\/et_pb_image][\/et_pb_column][\/et_pb_row][\/et_pb_section][et_pb_section fb_built=\u00a0\u00bb1&Prime; admin_label=\u00a0\u00bbAbout\u00a0\u00bb _builder_version=\u00a0\u00bb4.16&Prime; background_color=\u00a0\u00bb#f6f0ee\u00a0\u00bb background_image=\u00a0\u00bbhttp:\/\/atelier-musique.ch\/wp-content\/uploads\/2024\/06\/music-teacher_40.png\u00a0\u00bb background_last_edited=\u00a0\u00bbon|phone\u00a0\u00bb background_position_phone=\u00a0\u00bbcenter_right\u00a0\u00bb locked=\u00a0\u00bboff\u00a0\u00bb global_colors_info=\u00a0\u00bb{}\u00a0\u00bb][et_pb_row _builder_version=\u00a0\u00bb4.25.2&Prime; _module_preset=\u00a0\u00bbdefault\u00a0\u00bb width=\u00a0\u00bb79.9%\u00a0\u00bb global_colors_info=\u00a0\u00bb{}\u00a0\u00bb][et_pb_column type=\u00a0\u00bb4_4&Prime; _builder_version=\u00a0\u00bb4.25.2&Prime; _module_preset=\u00a0\u00bbdefault\u00a0\u00bb global_colors_info=\u00a0\u00bb{}\u00a0\u00bb][et_pb_text _builder_version=\u00a0\u00bb4.25.2&Prime; _module_preset=\u00a0\u00bbdefault\u00a0\u00bb custom_margin=\u00a0\u00bb89px|||||\u00a0\u00bb custom_padding=\u00a0\u00bb||3px|||\u00a0\u00bb inline_fonts=\u00a0\u00bbMargarine\u00a0\u00bb global_colors_info=\u00a0\u00bb{}\u00a0\u00bb]<\/p>\n<h1 style=\"text-align: justify;\"><span style=\"font-size: x-large; font-family: Margarine; color: #580050;\">\u00ab\u00a0L&rsquo;atelier musique\u00a0\u00bb est un clin d&rsquo;oeil \u00e0 mon papa qui travaillait dans l&rsquo;atelier attenant \u00e0 notre maison. Il \u00e9tait menuisier charpentier, et cela sentait bon la sciure. Pour d\u00e9finir le lieu de mon activit\u00e9 o\u00f9 je construis des instruments, le parall\u00e8le \u00e9tait tout trouv\u00e9 !<\/span><\/h1>\n<h1 style=\"text-align: justify;\"><span style=\"font-size: x-large; font-family: Margarine; color: #580050;\">Mon objectif est de vous guider dans le voyage musical, en cultivant vos comp\u00e9tences techniques, mais aussi votre appr\u00e9ciation profonde de la musique. Ensemble, nous d\u00e9couvrirons comment la musique peut enrichir nos vies et \u00e9veiller les \u00e9motions les plus profondes.\u00a0<\/span><\/h1>\n<h1 style=\"text-align: justify;\"><span style=\"font-size: x-large; font-family: Margarine; color: #580050;\">Bonne visite sur mon site. N&rsquo;h\u00e9sitez pas \u00e0 prendre contact avec moi, par t\u00e9l\u00e9phone ou par mail pour toutes vos questions.\u00a0<\/span><\/h1>\n<p>[\/et_pb_text][\/et_pb_column][\/et_pb_row][\/et_pb_section][et_pb_section fb_built=\u00a0\u00bb1&Prime; admin_label=\u00a0\u00bbServices\u00a0\u00bb _builder_version=\u00a0\u00bb4.16&Prime; background_color=\u00a0\u00bb#f6f0ee\u00a0\u00bb background_enable_image=\u00a0\u00bboff\u00a0\u00bb background_size=\u00a0\u00bbinitial\u00a0\u00bb custom_margin=\u00a0\u00bb-50px|||||\u00a0\u00bb locked=\u00a0\u00bboff\u00a0\u00bb global_colors_info=\u00a0\u00bb{}\u00a0\u00bb][et_pb_row column_structure=\u00a0\u00bb1_3,1_3,1_3&Prime; _builder_version=\u00a0\u00bb4.25.2&Prime; custom_padding=\u00a0\u00bb18px|||||\u00a0\u00bb locked=\u00a0\u00bboff\u00a0\u00bb global_colors_info=\u00a0\u00bb{}\u00a0\u00bb][et_pb_column type=\u00a0\u00bb1_3&Prime; _builder_version=\u00a0\u00bb4.16&Prime; global_colors_info=\u00a0\u00bb{}\u00a0\u00bb][et_pb_blurb title=\u00a0\u00bbJardin musical\u00a0\u00bb url=\u00a0\u00bb#\u00a0\u00bb icon_alignment=\u00a0\u00bbleft\u00a0\u00bb content_max_width=\u00a0\u00bb100%\u00a0\u00bb _builder_version=\u00a0\u00bb4.25.2&Prime; header_level=\u00a0\u00bbh3&Prime; header_font=\u00a0\u00bbInria Serif|700|||||||\u00a0\u00bb header_text_align=\u00a0\u00bbcenter\u00a0\u00bb header_text_color=\u00a0\u00bb#000000&Prime; header_font_size=\u00a0\u00bb24px\u00a0\u00bb header_line_height=\u00a0\u00bb1.1em\u00a0\u00bb body_font_size=\u00a0\u00bb16px\u00a0\u00bb body_line_height=\u00a0\u00bb1.8em\u00a0\u00bb body_link_font=\u00a0\u00bb|700||on|||||\u00a0\u00bb body_link_text_color=\u00a0\u00bb#fa6400&Prime; body_link_font_size=\u00a0\u00bb12px\u00a0\u00bb body_link_letter_spacing=\u00a0\u00bb4px\u00a0\u00bb body_link_line_height=\u00a0\u00bb1.2em\u00a0\u00bb text_orientation=\u00a0\u00bbcenter\u00a0\u00bb width=\u00a0\u00bb99.9%\u00a0\u00bb min_height=\u00a0\u00bb98.8px\u00a0\u00bb custom_margin=\u00a0\u00bb|-74px||||\u00a0\u00bb custom_padding=\u00a0\u00bb|0px|6px|||\u00a0\u00bb animation=\u00a0\u00bboff\u00a0\u00bb link_option_url=\u00a0\u00bb#\u00a0\u00bb header_font_size_tablet=\u00a0\u00bb24px\u00a0\u00bb header_font_size_phone=\u00a0\u00bb20px\u00a0\u00bb header_font_size_last_edited=\u00a0\u00bbon|phone\u00a0\u00bb body_font_size_tablet=\u00a0\u00bb\u00a0\u00bb body_font_size_phone=\u00a0\u00bb14px\u00a0\u00bb body_font_size_last_edited=\u00a0\u00bbon|phone\u00a0\u00bb locked=\u00a0\u00bboff\u00a0\u00bb global_colors_info=\u00a0\u00bb{}\u00a0\u00bb]<\/p>\n<p style=\"text-align: center;\"><span style=\"font-size: large;\">Initiation musicale par le chant et le mouvement, inspir\u00e9 de la p\u00e9dagogie Kodaly.<\/span><\/p>\n<p>[\/et_pb_blurb][\/et_pb_column][et_pb_column type=\u00a0\u00bb1_3&Prime; _builder_version=\u00a0\u00bb4.25.2&Prime; _module_preset=\u00a0\u00bbdefault\u00a0\u00bb global_colors_info=\u00a0\u00bb{}\u00a0\u00bb][et_pb_blurb title=\u00a0\u00bb                Chant\u00a0\u00bb url=\u00a0\u00bb#\u00a0\u00bb icon_alignment=\u00a0\u00bbleft\u00a0\u00bb content_max_width=\u00a0\u00bb100%\u00a0\u00bb _builder_version=\u00a0\u00bb4.25.2&Prime; header_level=\u00a0\u00bbh3&Prime; header_font=\u00a0\u00bbInria Serif|700|||||||\u00a0\u00bb header_text_align=\u00a0\u00bbcenter\u00a0\u00bb header_text_color=\u00a0\u00bb#000000&Prime; header_font_size=\u00a0\u00bb24px\u00a0\u00bb header_line_height=\u00a0\u00bb1.1em\u00a0\u00bb body_font_size=\u00a0\u00bb16px\u00a0\u00bb body_line_height=\u00a0\u00bb1.8em\u00a0\u00bb body_link_font=\u00a0\u00bb|700||on|||||\u00a0\u00bb body_link_text_color=\u00a0\u00bb#fa6400&Prime; body_link_font_size=\u00a0\u00bb12px\u00a0\u00bb body_link_letter_spacing=\u00a0\u00bb4px\u00a0\u00bb body_link_line_height=\u00a0\u00bb1.2em\u00a0\u00bb animation=\u00a0\u00bboff\u00a0\u00bb link_option_url=\u00a0\u00bb#\u00a0\u00bb header_font_size_tablet=\u00a0\u00bb24px\u00a0\u00bb header_font_size_phone=\u00a0\u00bb20px\u00a0\u00bb header_font_size_last_edited=\u00a0\u00bbon|phone\u00a0\u00bb body_font_size_tablet=\u00a0\u00bb\u00a0\u00bb body_font_size_phone=\u00a0\u00bb14px\u00a0\u00bb body_font_size_last_edited=\u00a0\u00bbon|phone\u00a0\u00bb locked=\u00a0\u00bboff\u00a0\u00bb global_colors_info=\u00a0\u00bb{}\u00a0\u00bb custom_margin=\u00a0\u00bb||35px|||\u00a0\u00bb]<\/p>\n<p style=\"text-align: center;\"><span style=\"font-size: large;\"><\/span><\/p>\n<p style=\"text-align: center;\"><span style=\"font-size: large;\">R\u00e9sonateurs, souffle, articulation. Prendre de l&rsquo;assurance et chanter <\/span><\/p>\n<p style=\"text-align: center;\"><span style=\"font-size: large;\">devient un vrai plaisir. <\/span><\/p>\n<p>[\/et_pb_blurb][\/et_pb_column][et_pb_column type=\u00a0\u00bb1_3&Prime; _builder_version=\u00a0\u00bb4.25.2&Prime; _module_preset=\u00a0\u00bbdefault\u00a0\u00bb global_colors_info=\u00a0\u00bb{}\u00a0\u00bb][et_pb_blurb title=\u00a0\u00bb        Fl\u00fbte de bambou\u00a0\u00bb url=\u00a0\u00bb#\u00a0\u00bb icon_alignment=\u00a0\u00bbleft\u00a0\u00bb content_max_width=\u00a0\u00bb100%\u00a0\u00bb _builder_version=\u00a0\u00bb4.25.2&Prime; header_level=\u00a0\u00bbh3&Prime; header_font=\u00a0\u00bbInria Serif|700|||||||\u00a0\u00bb header_text_align=\u00a0\u00bbcenter\u00a0\u00bb header_text_color=\u00a0\u00bb#000000&Prime; header_font_size=\u00a0\u00bb24px\u00a0\u00bb header_line_height=\u00a0\u00bb1.1em\u00a0\u00bb body_font_size=\u00a0\u00bb16px\u00a0\u00bb body_line_height=\u00a0\u00bb1.8em\u00a0\u00bb body_link_font=\u00a0\u00bb|700||on|||||\u00a0\u00bb body_link_text_color=\u00a0\u00bb#fa6400&Prime; body_link_font_size=\u00a0\u00bb12px\u00a0\u00bb body_link_letter_spacing=\u00a0\u00bb4px\u00a0\u00bb body_link_line_height=\u00a0\u00bb1.2em\u00a0\u00bb custom_padding=\u00a0\u00bb||56px|||\u00a0\u00bb animation=\u00a0\u00bboff\u00a0\u00bb link_option_url=\u00a0\u00bb#\u00a0\u00bb header_font_size_tablet=\u00a0\u00bb24px\u00a0\u00bb header_font_size_phone=\u00a0\u00bb20px\u00a0\u00bb header_font_size_last_edited=\u00a0\u00bbon|phone\u00a0\u00bb body_font_size_tablet=\u00a0\u00bb\u00a0\u00bb body_font_size_phone=\u00a0\u00bb14px\u00a0\u00bb body_font_size_last_edited=\u00a0\u00bbon|phone\u00a0\u00bb locked=\u00a0\u00bboff\u00a0\u00bb global_colors_info=\u00a0\u00bb{}\u00a0\u00bb min_height=\u00a0\u00bb124px\u00a0\u00bb custom_margin=\u00a0\u00bb||-47px|||\u00a0\u00bb]<\/p>\n<p style=\"text-align: center;\"><span style=\"font-size: large;\">Fabriquer une fl\u00fbte en bambou. Apprendre \u00e0 en jouer et <\/span><\/p>\n<p style=\"text-align: center;\"><span style=\"font-size: large;\">acqu\u00e9rir les bases du solf\u00e8ge.<\/span><\/p>\n<p>[\/et_pb_blurb][\/et_pb_column][\/et_pb_row][et_pb_row column_structure=\u00a0\u00bb1_2,1_2&Prime; _builder_version=\u00a0\u00bb4.25.2&Prime; custom_padding=\u00a0\u00bb13px|||||\u00a0\u00bb locked=\u00a0\u00bboff\u00a0\u00bb global_colors_info=\u00a0\u00bb{}\u00a0\u00bb][et_pb_column type=\u00a0\u00bb1_2&Prime; _builder_version=\u00a0\u00bb4.16&Prime; global_colors_info=\u00a0\u00bb{}\u00a0\u00bb][et_pb_blurb title=\u00a0\u00bb        Solf\u00e8ge (adulte)\u00a0\u00bb url=\u00a0\u00bb#\u00a0\u00bb icon_alignment=\u00a0\u00bbleft\u00a0\u00bb content_max_width=\u00a0\u00bb100%\u00a0\u00bb _builder_version=\u00a0\u00bb4.25.2&Prime; header_level=\u00a0\u00bbh3&Prime; header_font=\u00a0\u00bbInria Serif|700|||||||\u00a0\u00bb header_text_align=\u00a0\u00bbcenter\u00a0\u00bb header_text_color=\u00a0\u00bb#000000&Prime; header_font_size=\u00a0\u00bb24px\u00a0\u00bb header_line_height=\u00a0\u00bb1.1em\u00a0\u00bb body_font_size=\u00a0\u00bb16px\u00a0\u00bb body_line_height=\u00a0\u00bb1.8em\u00a0\u00bb body_link_font=\u00a0\u00bb|700||on|||||\u00a0\u00bb body_link_text_color=\u00a0\u00bb#fa6400&Prime; body_link_font_size=\u00a0\u00bb12px\u00a0\u00bb body_link_letter_spacing=\u00a0\u00bb4px\u00a0\u00bb body_link_line_height=\u00a0\u00bb1.2em\u00a0\u00bb width=\u00a0\u00bb99.9%\u00a0\u00bb min_height=\u00a0\u00bb166.8px\u00a0\u00bb custom_margin=\u00a0\u00bb|-74px||||\u00a0\u00bb custom_padding=\u00a0\u00bb|0px|0px|||\u00a0\u00bb animation=\u00a0\u00bboff\u00a0\u00bb link_option_url=\u00a0\u00bb#\u00a0\u00bb header_font_size_tablet=\u00a0\u00bb24px\u00a0\u00bb header_font_size_phone=\u00a0\u00bb20px\u00a0\u00bb header_font_size_last_edited=\u00a0\u00bbon|phone\u00a0\u00bb body_font_size_tablet=\u00a0\u00bb\u00a0\u00bb body_font_size_phone=\u00a0\u00bb14px\u00a0\u00bb body_font_size_last_edited=\u00a0\u00bbon|phone\u00a0\u00bb locked=\u00a0\u00bboff\u00a0\u00bb global_colors_info=\u00a0\u00bb{}\u00a0\u00bb]<\/p>\n<p style=\"text-align: center;\"><span style=\"font-size: large;\"><\/span><\/p>\n<p style=\"text-align: center;\"><span style=\"font-size: large;\">Apprendre \u00e0 d\u00e9chiffrer une partition. <\/span><\/p>\n<p style=\"text-align: center;\"><span style=\"font-size: large;\">Etre \u00e0 l&rsquo;aise avec le rythme, les tonalit\u00e9s, les intervalles.<\/span><\/p>\n<p>[\/et_pb_blurb][\/et_pb_column][et_pb_column type=\u00a0\u00bb1_2&Prime; _builder_version=\u00a0\u00bb4.25.2&Prime; _module_preset=\u00a0\u00bbdefault\u00a0\u00bb global_colors_info=\u00a0\u00bb{}\u00a0\u00bb][et_pb_blurb title=\u00a0\u00bb      Ateliers ponctuels\u00a0\u00bb url=\u00a0\u00bb#\u00a0\u00bb icon_alignment=\u00a0\u00bbleft\u00a0\u00bb content_max_width=\u00a0\u00bb100%\u00a0\u00bb _builder_version=\u00a0\u00bb4.25.2&Prime; header_level=\u00a0\u00bbh3&Prime; header_font=\u00a0\u00bbInria Serif|700|||||||\u00a0\u00bb header_text_align=\u00a0\u00bbcenter\u00a0\u00bb header_text_color=\u00a0\u00bb#000000&Prime; header_font_size=\u00a0\u00bb24px\u00a0\u00bb header_line_height=\u00a0\u00bb1.1em\u00a0\u00bb body_font_size=\u00a0\u00bb16px\u00a0\u00bb body_line_height=\u00a0\u00bb1.8em\u00a0\u00bb body_link_font=\u00a0\u00bb|700||on|||||\u00a0\u00bb body_link_text_color=\u00a0\u00bb#fa6400&Prime; body_link_font_size=\u00a0\u00bb12px\u00a0\u00bb body_link_letter_spacing=\u00a0\u00bb4px\u00a0\u00bb body_link_line_height=\u00a0\u00bb1.2em\u00a0\u00bb animation=\u00a0\u00bboff\u00a0\u00bb link_option_url=\u00a0\u00bb#\u00a0\u00bb header_font_size_tablet=\u00a0\u00bb24px\u00a0\u00bb header_font_size_phone=\u00a0\u00bb20px\u00a0\u00bb header_font_size_last_edited=\u00a0\u00bbon|phone\u00a0\u00bb body_font_size_tablet=\u00a0\u00bb\u00a0\u00bb body_font_size_phone=\u00a0\u00bb14px\u00a0\u00bb body_font_size_last_edited=\u00a0\u00bbon|phone\u00a0\u00bb locked=\u00a0\u00bboff\u00a0\u00bb global_colors_info=\u00a0\u00bb{}\u00a0\u00bb]<\/p>\n<p style=\"text-align: center;\"><span style=\"font-size: large;\">Fabrication de petits instruments comme les b\u00e2tons de pluie,<\/span><\/p>\n<p style=\"text-align: center;\"><span style=\"font-size: large;\"> des fl\u00fbtes indiennes&#8230;<\/span><\/p>\n<p style=\"text-align: center;\"><span style=\"font-size: large;\">Pour groupe adultes et enfants.<\/span><\/p>\n<p>[\/et_pb_blurb][\/et_pb_column][\/et_pb_row][\/et_pb_section]<\/p>\n","protected":false},"excerpt":{"rendered":"<p>\u00a0La musique a le pouvoir de toucher l&rsquo;\u00e2me, de stimuler la cr\u00e9ativit\u00e9 et de renforcer les connexions humaines. &nbsp; \u00ab\u00a0L&rsquo;atelier musique\u00a0\u00bb est un clin d&rsquo;oeil \u00e0 mon papa qui travaillait dans l&rsquo;atelier attenant \u00e0 notre maison. Il \u00e9tait menuisier charpentier, et cela sentait bon la sciure. Pour d\u00e9finir le lieu de mon activit\u00e9 o\u00f9 je [&hellip;]<\/p>\n","protected":false},"author":2,"featured_media":0,"parent":0,"menu_order":0,"comment_status":"closed","ping_status":"closed","template":"","meta":{"_et_pb_use_builder":"on","_et_pb_old_content":"","_et_gb_content_width":"","footnotes":""},"class_list":["post-20","page","type-page","status-publish","hentry"],"_links":{"self":[{"href":"https:\/\/atelier-musique.ch\/index.php?rest_route=\/wp\/v2\/pages\/20","targetHints":{"allow":["GET"]}}],"collection":[{"href":"https:\/\/atelier-musique.ch\/index.php?rest_route=\/wp\/v2\/pages"}],"about":[{"href":"https:\/\/atelier-musique.ch\/index.php?rest_route=\/wp\/v2\/types\/page"}],"author":[{"embeddable":true,"href":"https:\/\/atelier-musique.ch\/index.php?rest_route=\/wp\/v2\/users\/2"}],"replies":[{"embeddable":true,"href":"https:\/\/atelier-musique.ch\/index.php?rest_route=%2Fwp%2Fv2%2Fcomments&post=20"}],"version-history":[{"count":18,"href":"https:\/\/atelier-musique.ch\/index.php?rest_route=\/wp\/v2\/pages\/20\/revisions"}],"predecessor-version":[{"id":217,"href":"https:\/\/atelier-musique.ch\/index.php?rest_route=\/wp\/v2\/pages\/20\/revisions\/217"}],"wp:attachment":[{"href":"https:\/\/atelier-musique.ch\/index.php?rest_route=%2Fwp%2Fv2%2Fmedia&parent=20"}],"curies":[{"name":"wp","href":"https:\/\/api.w.org\/{rel}","templated":true}]}}